{"id":463,"date":"2019-03-19T17:03:29","date_gmt":"2019-03-19T17:03:29","guid":{"rendered":"http:\/\/www.grupvallalta.com\/new\/inicio\/"},"modified":"2022-03-30T19:02:11","modified_gmt":"2022-03-30T17:02:11","slug":"inicio","status":"publish","type":"page","link":"https:\/\/www.grupvallalta.com\/ca\/","title":{"rendered":"Inici"},"content":{"rendered":"<div class=\"wpb-content-wrapper\"><p>[vc_row full_width=&#8221;stretch_row_content&#8221; full_height=&#8221;yes&#8221; css=&#8221;.vc_custom_1570802705446{background: #000000 url(https:\/\/www.grupvallalta.com\/wp-content\/uploads\/2019\/10\/test-image-002b.jpg?id=409) !important;background-position: center !important;background-repeat: no-repeat !important;background-size: cover !important;}&#8221;][vc_column][vc_single_image image=&#8221;270&#8243; img_size=&#8221;400&#215;310&#8243; alignment=&#8221;center&#8221; css_animation=&#8221;fadeInDown&#8221; css=&#8221;.vc_custom_1570807904362{padding-right: 40px !important;padding-left: 40px !important;}&#8221;][\/vc_column][\/vc_row]<\/p>\n<\/div>","protected":false},"excerpt":{"rendered":"<p>[vc_row full_width=&#8221;stretch_row_content&#8221; full_height=&#8221;yes&#8221; css=&#8221;.vc_custom_1570802705446{background: #000000 url(https:\/\/www.grupvallalta.com\/wp-content\/uploads\/2019\/10\/test-image-002b.jpg?id=409) !important;background-position: center !important;background-repeat: no-repeat !important;background-size: cover !important;}&#8221;][vc_column][vc_single_image image=&#8221;270&#8243; img_size=&#8221;400&#215;310&#8243; alignment=&#8221;center&#8221; css_animation=&#8221;fadeInDown&#8221; css=&#8221;.vc_custom_1570807904362{padding-right: 40px !important;padding-left: 40px !important;}&#8221;][\/vc_column][\/vc_row]<\/p>\n","protected":false},"author":1,"featured_media":0,"parent":0,"menu_order":0,"comment_status":"closed","ping_status":"closed","template":"","meta":{"_acf_changed":false,"footnotes":""},"class_list":["post-463","page","type-page","status-publish","hentry"],"acf":[],"yoast_head":"<!-- This site is optimized with the Yoast SEO plugin v26.4 - https:\/\/yoast.com\/wordpress\/plugins\/seo\/ -->\n<title>Inici - GRUP VALLALTA<\/title>\n<meta name=\"description\" content=\"Treballem per ajudar els nostres clients a portar all\u00f2 imaginatiu a all\u00f2 f\u00edsic, per aconseguir art i harmonia a les nostres edificacions.\" \/>\n<meta name=\"robots\" content=\"index, follow, max-snippet:-1, max-image-preview:large, max-video-preview:-1\" \/>\n<link rel=\"canonical\" href=\"https:\/\/www.grupvallalta.com\/ca\/\" \/>\n<meta property=\"og:locale\" content=\"ca_ES\" \/>\n<meta property=\"og:type\" content=\"article\" \/>\n<meta property=\"og:title\" content=\"Inici - GRUP VALLALTA\" \/>\n<meta property=\"og:description\" content=\"Treballem per ajudar els nostres clients a portar all\u00f2 imaginatiu a all\u00f2 f\u00edsic, per aconseguir art i harmonia a les nostres edificacions.\" \/>\n<meta property=\"og:url\" content=\"https:\/\/www.grupvallalta.com\/ca\/\" \/>\n<meta property=\"og:site_name\" content=\"GRUP VALLALTA\" \/>\n<meta property=\"article:modified_time\" content=\"2022-03-30T17:02:11+00:00\" \/>\n<meta name=\"twitter:card\" content=\"summary_large_image\" \/>\n<script type=\"application\/ld+json\" class=\"yoast-schema-graph\">{\"@context\":\"https:\/\/schema.org\",\"@graph\":[{\"@type\":\"WebPage\",\"@id\":\"https:\/\/www.grupvallalta.com\/ca\/\",\"url\":\"https:\/\/www.grupvallalta.com\/ca\/\",\"name\":\"Inici - GRUP VALLALTA\",\"isPartOf\":{\"@id\":\"https:\/\/www.grupvallalta.com\/es\/#website\"},\"datePublished\":\"2019-03-19T17:03:29+00:00\",\"dateModified\":\"2022-03-30T17:02:11+00:00\",\"description\":\"Treballem per ajudar els nostres clients a portar all\u00f2 imaginatiu a all\u00f2 f\u00edsic, per aconseguir art i harmonia a les nostres edificacions.\",\"breadcrumb\":{\"@id\":\"https:\/\/www.grupvallalta.com\/ca\/#breadcrumb\"},\"inLanguage\":\"ca\",\"potentialAction\":[{\"@type\":\"ReadAction\",\"target\":[\"https:\/\/www.grupvallalta.com\/ca\/\"]}]},{\"@type\":\"BreadcrumbList\",\"@id\":\"https:\/\/www.grupvallalta.com\/ca\/#breadcrumb\",\"itemListElement\":[{\"@type\":\"ListItem\",\"position\":1,\"name\":\"Portada\",\"item\":\"https:\/\/www.grupvallalta.com\/ca\/\"},{\"@type\":\"ListItem\",\"position\":2,\"name\":\"Inici\"}]},{\"@type\":\"WebSite\",\"@id\":\"https:\/\/www.grupvallalta.com\/es\/#website\",\"url\":\"https:\/\/www.grupvallalta.com\/es\/\",\"name\":\"GRUP VALLALTA\",\"description\":\"Just another WordPress site\",\"publisher\":{\"@id\":\"https:\/\/www.grupvallalta.com\/es\/#organization\"},\"potentialAction\":[{\"@type\":\"SearchAction\",\"target\":{\"@type\":\"EntryPoint\",\"urlTemplate\":\"https:\/\/www.grupvallalta.com\/es\/?s={search_term_string}\"},\"query-input\":{\"@type\":\"PropertyValueSpecification\",\"valueRequired\":true,\"valueName\":\"search_term_string\"}}],\"inLanguage\":\"ca\"},{\"@type\":\"Organization\",\"@id\":\"https:\/\/www.grupvallalta.com\/es\/#organization\",\"name\":\"GRUP VALLALTA\",\"url\":\"https:\/\/www.grupvallalta.com\/es\/\",\"logo\":{\"@type\":\"ImageObject\",\"inLanguage\":\"ca\",\"@id\":\"https:\/\/www.grupvallalta.com\/es\/#\/schema\/logo\/image\/\",\"url\":\"https:\/\/www.grupvallalta.com\/wp-content\/uploads\/2019\/12\/logo-vallalta-bk.png\",\"contentUrl\":\"https:\/\/www.grupvallalta.com\/wp-content\/uploads\/2019\/12\/logo-vallalta-bk.png\",\"width\":260,\"height\":59,\"caption\":\"GRUP VALLALTA\"},\"image\":{\"@id\":\"https:\/\/www.grupvallalta.com\/es\/#\/schema\/logo\/image\/\"}}]}<\/script>\n<!-- \/ Yoast SEO plugin. -->","yoast_head_json":{"title":"Inici - GRUP VALLALTA","description":"Treballem per ajudar els nostres clients a portar all\u00f2 imaginatiu a all\u00f2 f\u00edsic, per aconseguir art i harmonia a les nostres edificacions.","robots":{"index":"index","follow":"follow","max-snippet":"max-snippet:-1","max-image-preview":"max-image-preview:large","max-video-preview":"max-video-preview:-1"},"canonical":"https:\/\/www.grupvallalta.com\/ca\/","og_locale":"ca_ES","og_type":"article","og_title":"Inici - GRUP VALLALTA","og_description":"Treballem per ajudar els nostres clients a portar all\u00f2 imaginatiu a all\u00f2 f\u00edsic, per aconseguir art i harmonia a les nostres edificacions.","og_url":"https:\/\/www.grupvallalta.com\/ca\/","og_site_name":"GRUP VALLALTA","article_modified_time":"2022-03-30T17:02:11+00:00","twitter_card":"summary_large_image","schema":{"@context":"https:\/\/schema.org","@graph":[{"@type":"WebPage","@id":"https:\/\/www.grupvallalta.com\/ca\/","url":"https:\/\/www.grupvallalta.com\/ca\/","name":"Inici - GRUP VALLALTA","isPartOf":{"@id":"https:\/\/www.grupvallalta.com\/es\/#website"},"datePublished":"2019-03-19T17:03:29+00:00","dateModified":"2022-03-30T17:02:11+00:00","description":"Treballem per ajudar els nostres clients a portar all\u00f2 imaginatiu a all\u00f2 f\u00edsic, per aconseguir art i harmonia a les nostres edificacions.","breadcrumb":{"@id":"https:\/\/www.grupvallalta.com\/ca\/#breadcrumb"},"inLanguage":"ca","potentialAction":[{"@type":"ReadAction","target":["https:\/\/www.grupvallalta.com\/ca\/"]}]},{"@type":"BreadcrumbList","@id":"https:\/\/www.grupvallalta.com\/ca\/#breadcrumb","itemListElement":[{"@type":"ListItem","position":1,"name":"Portada","item":"https:\/\/www.grupvallalta.com\/ca\/"},{"@type":"ListItem","position":2,"name":"Inici"}]},{"@type":"WebSite","@id":"https:\/\/www.grupvallalta.com\/es\/#website","url":"https:\/\/www.grupvallalta.com\/es\/","name":"GRUP VALLALTA","description":"Just another WordPress site","publisher":{"@id":"https:\/\/www.grupvallalta.com\/es\/#organization"},"potentialAction":[{"@type":"SearchAction","target":{"@type":"EntryPoint","urlTemplate":"https:\/\/www.grupvallalta.com\/es\/?s={search_term_string}"},"query-input":{"@type":"PropertyValueSpecification","valueRequired":true,"valueName":"search_term_string"}}],"inLanguage":"ca"},{"@type":"Organization","@id":"https:\/\/www.grupvallalta.com\/es\/#organization","name":"GRUP VALLALTA","url":"https:\/\/www.grupvallalta.com\/es\/","logo":{"@type":"ImageObject","inLanguage":"ca","@id":"https:\/\/www.grupvallalta.com\/es\/#\/schema\/logo\/image\/","url":"https:\/\/www.grupvallalta.com\/wp-content\/uploads\/2019\/12\/logo-vallalta-bk.png","contentUrl":"https:\/\/www.grupvallalta.com\/wp-content\/uploads\/2019\/12\/logo-vallalta-bk.png","width":260,"height":59,"caption":"GRUP VALLALTA"},"image":{"@id":"https:\/\/www.grupvallalta.com\/es\/#\/schema\/logo\/image\/"}}]}},"_links":{"self":[{"href":"https:\/\/www.grupvallalta.com\/ca\/wp-json\/wp\/v2\/pages\/463","targetHints":{"allow":["GET"]}}],"collection":[{"href":"https:\/\/www.grupvallalta.com\/ca\/wp-json\/wp\/v2\/pages"}],"about":[{"href":"https:\/\/www.grupvallalta.com\/ca\/wp-json\/wp\/v2\/types\/page"}],"author":[{"embeddable":true,"href":"https:\/\/www.grupvallalta.com\/ca\/wp-json\/wp\/v2\/users\/1"}],"replies":[{"embeddable":true,"href":"https:\/\/www.grupvallalta.com\/ca\/wp-json\/wp\/v2\/comments?post=463"}],"version-history":[{"count":6,"href":"https:\/\/www.grupvallalta.com\/ca\/wp-json\/wp\/v2\/pages\/463\/revisions"}],"predecessor-version":[{"id":689,"href":"https:\/\/www.grupvallalta.com\/ca\/wp-json\/wp\/v2\/pages\/463\/revisions\/689"}],"wp:attachment":[{"href":"https:\/\/www.grupvallalta.com\/ca\/wp-json\/wp\/v2\/media?parent=463"}],"curies":[{"name":"wp","href":"https:\/\/api.w.org\/{rel}","templated":true}]}}